{"id":100,"date":"2018-08-24T15:23:25","date_gmt":"2018-08-24T13:23:25","guid":{"rendered":"http:\/\/rafaelcostard.com\/?page_id=100"},"modified":"2018-10-31T13:36:01","modified_gmt":"2018-10-31T12:36:01","slug":"a-propos-de","status":"publish","type":"page","link":"https:\/\/rafaelcostard.com\/?page_id=100","title":{"rendered":"A propos de"},"content":{"rendered":"<p><img decoding=\"async\" style=\"border: none;\" src=\"http:\/\/mathiaspaltrie.com\/wp-content\/plugins\/advanced-wp-columns\/assets\/js\/plugins\/views\/img\/1x1-pixel.png\" \/><\/p>\n<div class=\"csColumn\" style=\"margin: 0px; padding: 0px; float: left; width: 31.3%;\" data-csstartpoint=\"15\" data-csendpoint=\"315\" data-cswidth=\"31.3%\" data-csid=\"dae18d81-8749-9500-8f9e-1aa0b85afd41\">\n<p>Rafa\u00ebl Costard photographe professionnel depuis 2013.<\/p>\n<p>Apr\u00e8s avoir effectuer des \u00e9tudes de commerce \u00e0 Versailles, il apprend la photographie au Lyc\u00e9e BRASSA\u00cf de Paris. Fraichement dipl\u00f4m\u00e9 en 2010, Rafa\u00ebl entame bri\u00e8vement une exp\u00e9rience dans le commerce avant de consacr\u00e9 tout son temps et son \u00e9nergie \u00e0 l&rsquo;image. Au sein d&rsquo;une soci\u00e9t\u00e9 de photographie Parisienne, il se familiarise puis s&rsquo;affirme rapidement dans la photo de portrait. En 2013, photographe portraitiste confirm\u00e9, Rafa\u00ebl Costard cr\u00e9\u00e9 son entreprise, multipliant les rendez-vous et prestations ; mariage, bapt\u00eame, grossesse&#8230;<\/p>\n<p>R\u00e9guli\u00e8rement, Rafa\u00ebl part en voyage et r\u00e9alise des portraits. Des gens rencontr\u00e9s au gr\u00e9 des saisons ; d\u00e8s plages d&rsquo;Ibiza en passant par le Golf du Lyon et le reste des c\u00f4tes M\u00e9diterran\u00e9ennes Fran\u00e7aises. Puis en 2015\u00a0Kitzb\u00fchel en Autriche, o\u00f9 il rencontre un autre photographe, qui l&rsquo;encouragera \u00e0 diversifier son activit\u00e9 et d\u00e9velopper le domaine de la photo d&rsquo;architecture et immobili\u00e8re.<\/p>\n<p>Aujourd&rsquo;hui Rafa\u00ebl p\u00e9rennise son entreprise en concentrant son action en Ile de France, o\u00f9 il a d\u00e9cid\u00e9 de poser ses valises depuis 2017.<\/p>\n<p>Rafa\u00ebl Costard conserve son activit\u00e9 de portraitiste et d\u00e9veloppe sa client\u00e8le dans le domaine de l&rsquo;immobilier et de l&rsquo;architecture toujours en mettant un point d&rsquo;honneur sur une qualit\u00e9 irr\u00e9prochable d&rsquo;image et de service.<\/p>\n<p>&nbsp;<\/p>\n<p>&nbsp;<\/p>\n<p>&nbsp;<\/p>\n<\/div>\n<div class=\"csColumnGap\" style=\"margin: 0px; padding: 0px; float: left; width: 1.56%;\"><img decoding=\"async\" style=\"border: none;\" src=\"http:\/\/mathiaspaltrie.com\/wp-content\/plugins\/advanced-wp-columns\/assets\/js\/plugins\/views\/img\/1x1-pixel.png\" \/><\/div>\n<div class=\"csColumn\" style=\"margin: 0px; padding: 0px; float: left; width: 34.9%;\" data-csstartpoint=\"330\" data-csendpoint=\"665\" data-cswidth=\"34.9%\" data-csid=\"8f46297a-0d84-d72c-8698-1044ab3898fa\">\n<p>Rafa\u00ebl Costard professional photographer since 2013.<\/p>\n<p>After studying business at Versailles, he learned photography at Lyc\u00e9e BRASSA\u00cf in Paris. Freshly graduated in 2010, Rafael briefly started a commercial experience before devoting all his time and energy to the image. In a Parisian photography company, he becomes familiar and quickly asserts himself in the portrait photo. In 2013, confirmed portrait photographer, Rafa\u00ebl Costard created his company, multiplying appointments and services; marriage, baptism, pregnancy &#8230;<\/p>\n<p>Regularly, Rafael goes on a trip and makes portraits. People met with the seasons; from beaches of Ibiza through the Golf of Lyon and the rest of the French Mediterranean coast. Then in 2015 Kitzb\u00fchel in Austria, where he meets another photographer, who will encourage him to diversify his activity and develop the field of architecture and real estate photography.<\/p>\n<p>Today Rafael continues his business by concentrating his action in Ile de France, where he has decided to put his bags since 2017.<\/p>\n<p>Rafa\u00ebl Costard retains his activity as a portrait painter and develops his clientele in the field of real estate and architecture, always putting a point of honor on an irreproachable quality of image and service.<\/p>\n<\/div>\n<div class=\"csColumnGap\" style=\"margin: 0px; padding: 0px; float: left; width: 1.67%;\"><img decoding=\"async\" style=\"border: none;\" src=\"http:\/\/mathiaspaltrie.com\/wp-content\/plugins\/advanced-wp-columns\/assets\/js\/plugins\/views\/img\/1x1-pixel.png\" \/><\/div>\n<div class=\"csColumn\" style=\"margin: 0px; padding: 0px; float: left; width: 27.5%;\" data-csstartpoint=\"681\" data-csendpoint=\"945\" data-cswidth=\"27.5%\" data-csid=\"3119ad65-bfe0-4900-97c1-ba57297a6eed\">\n<p>&nbsp;<\/p>\n<p><img decoding=\"async\" src=\"https:\/\/rafaelcostard.com\/wp-content\/uploads\/2018\/08\/About-Rahff.jpg\" \/><\/p>\n<p><strong id=\"yui_3_17_2_1_1484088940692_230\"><strong id=\"yui_3_17_2_1_1484088940692_230\"><strong id=\"yui_3_17_2_1_1484088940692_230\"><strong id=\"yui_3_17_2_1_1484088940692_230\"><strong id=\"yui_3_17_2_1_1484088940692_230\"><strong id=\"yui_3_17_2_1_1484088940692_230\"><strong id=\"yui_3_17_2_1_1484088940692_230\"><strong id=\"yui_3_17_2_1_1484088940692_230\"><strong id=\"yui_3_17_2_1_1484088940692_230\"><strong id=\"yui_3_17_2_1_1484088940692_230\"><strong id=\"yui_3_17_2_1_1484088940692_230\"><strong id=\"yui_3_17_2_1_1484088940692_230\"><strong id=\"yui_3_17_2_1_1484088940692_230\"><strong id=\"yui_3_17_2_1_1484088940692_230\"><strong id=\"yui_3_17_2_1_1484088940692_230\"><strong id=\"yui_3_17_2_1_1484088940692_230\"><strong id=\"yui_3_17_2_1_1484088940692_230\"><strong id=\"yui_3_17_2_1_1484088940692_230\"><strong id=\"yui_3_17_2_1_1484088940692_230\"><strong id=\"yui_3_17_2_1_1484088940692_230\"><strong id=\"yui_3_17_2_1_1484088940692_230\"><strong id=\"yui_3_17_2_1_1484088940692_230\"><strong id=\"yui_3_17_2_1_1484088940692_230\"><strong id=\"yui_3_17_2_1_1484088940692_230\"><strong id=\"yui_3_17_2_1_1484088940692_230\"><strong id=\"yui_3_17_2_1_1484088940692_230\">Copyright<\/strong><\/strong><\/strong><\/strong><\/strong><\/strong><\/strong><\/strong><\/strong><\/strong><\/strong><\/strong><\/strong><\/strong><\/strong><\/strong><\/strong><\/strong><\/strong><\/strong><\/strong><\/strong><\/strong><\/strong><\/strong><\/strong><\/p>\n<p class=\"tw-data-text tw-ta tw-text-small\" dir=\"ltr\" data-placeholder=\"Traduction\"><span lang=\"fr\" style=\"font-family: arial, helvetica, sans-serif;\">Toutes les images et vid\u00e9os affich\u00e9es sur ce site sont \u00a9COPYRIGHT Rafa\u00ebl Costard. Aucune image ou vid\u00e9o contenue ou affich\u00e9e sur ce site Web ne peuvent \u00eatre utilis\u00e9es sans l&rsquo;autorisation \u00e9crite de Rafa\u00ebl Costard. Pour toute question relative \u00e0 la licence ou \u00e0 l&rsquo;utilisation abusive de ces images, veuillez les indiquer par l&rsquo;interm\u00e9diaire de la page <\/span><span style=\"font-family: arial, helvetica, sans-serif;\"><a href=\"https:\/\/rafaelcostard.com\/contact\/\">contac<\/a><\/span><span style=\"font-family: arial, helvetica, sans-serif;\"><a href=\"http:\/\/mathiaspaltrie.com\/contact\/\">t<\/a><\/span><em><span style=\"font-family: arial, helvetica, sans-serif;\">.<\/span><\/em><\/p>\n<p id=\"tw-target-text\" class=\"tw-data-text tw-ta tw-text-small\" dir=\"ltr\" data-placeholder=\"Traduction\"><em><span lang=\"en\">All images and videos displayed on this site are \u00a9 COPYRIGHT Rafa\u00ebl Costard. No image or video contained or displayed on this website may be used without the written permission of Rafa\u00ebl Costard. If you have any questions regarding licensing or misuse of these images, please indicate them via the <a href=\"https:\/\/rafaelcostard.com\/contact\/\">contact<\/a>\u00a0page.<\/span><\/em><\/p>\n<\/div>\n<div class=\"csColumnGap\" style=\"margin: 0px; padding: 0px; float: left; width: 1.56%;\"><img decoding=\"async\" style=\"border: none;\" src=\"http:\/\/mathiaspaltrie.com\/wp-content\/plugins\/advanced-wp-columns\/assets\/js\/plugins\/views\/img\/1x1-pixel.png\" \/><\/div>\n<div style=\"clear: both; float: none; display: block; visibility: hidden; width: 0px; font-size: 0px; line-height: 0;\"><\/div>\n<div id=\"grid-gallery-6-29084\" data-gg-id=\"6\" data-title=\"A propos de \" data-grid-type=\"1\" data-offset=\"0\" data-area-position=\"center\" data-icons=\"\" data-preloader=\"true\" data-width=\"20%\" data-height=\"\" data-padding=\"0\" data-quicksand=\"disabled\" data-quicksand-duration=\"none\" data-popup-theme=\"theme_7\" data-popup-type=\"colorbox\" data-popup-fadeOut=\"300\" data-popup-captions=\"hide\" data-popup-image-text=\"data-caption\" data-popup-widthsize=\"auto\" data-popup-heightsize=\"auto\" data-popup-i18n-words=\"{&quot;close&quot;:&quot;fermer&quot;,&quot;next&quot;:&quot;suivant&quot;,&quot;previous&quot;:&quot;pr\\u00e9c\\u00e9dent&quot;,&quot;start_slideshow&quot;:&quot;d\\u00e9marrer le diaporama&quot;,&quot;stop_slideshow&quot;:&quot;arr\\u00e9ter le diaporama&quot;,&quot;image&quot;:&quot;image&quot;,&quot;of&quot;:&quot;de&quot;,&quot;prev&quot;:&quot;pr\\u00e9c.&quot;,&quot;cExpand&quot;:&quot;Agrandir&quot;,&quot;cPrevious&quot;:&quot;Pr\\u00e9c\\u00e9dent&quot;,&quot;cNext&quot;:&quot;Suivant&quot;,&quot;cExpandStr&quot;:&quot;Agrandir l&#039;image&quot;,&quot;cRotate&quot;:&quot;Pivoter&quot;,&quot;cDetails&quot;:&quot;Details&quot;}\" data-popup-slideshow=\"false\" data-popup-slideshow-speed=\"2500\" data-popup-hoverstop=\"true\" data-popup-slideshow-auto=\"false\" data-popup-background=\"\" data-popup-transparency=\"30\" data-popup-disable-history=\"\" data-popup-disable-changed-url=\"\" data-popup-border-type=\"solid\" data-popup-border-color=\"\" data-popup-border-width=\"\" data-popup-border-enable=\"\" data-fullscreen=\"false\" data-hide-tooltip=\"true\" data-caption-font-family=\"Default\" data-caption-text-size=\"140\" data-is-mobile=\"0\" data-caption-mobile=\"false\" data-hide-long-tltp-title=\"1\" data-caption-disabled-on-mobile=\"true\" data-popup-placement-type=\"0\" data-social-sharing=\"{&quot;enabled&quot;:&quot;&quot;,&quot;gallerySharing&quot;:{&quot;enabled&quot;:null,&quot;position&quot;:null},&quot;imageSharing&quot;:{&quot;enabled&quot;:null,&quot;wrapperClass&quot;:&quot; vertical \\n &quot;},&quot;popupSharing&quot;:{&quot;enabled&quot;:null,&quot;wrapperClass&quot;:&quot; vertical \\n &quot;}}\" class=\"grid-gallery grid-gallery-fluid-height \" style=\" width:100%; height:auto ; margin-left:auto; margin-right:auto; position:relative;\" > <div class=\"gallery-loading\"> <div class=\"blocks\"> <div class=\"block\"><\/div> <div class=\"block\"><\/div> <div class=\"block\"><\/div> <div class=\"block\"><\/div> <\/div> <\/div> <div class=\"gallery-sharing-top\" style=\"display:none;\"> <\/div> <div id=\"photos-6\" class=\"grid-gallery-photos \" > <FIGURE class=\"grid-gallery-caption \" data-grid-gallery-type=\"cover-fade\" data-index=\"0\" style=\"display:none;border-radius: 00; ; margin: 0px; width:20%;\" ><div class=\"crop \" style=\" \"><img src=\"http:\/\/rafaelcostard.com\/wp-content\/uploads\/2018\/08\/DSC_7103.jpg\" class=\"ggImg\" alt=\"DSC_7103\" title=\"DSC_7103\" data-description=\"DSC_7103\" data-caption=\"DSC_7103\" data-title=\"DSC_7103\" style=\" \" \/><\/div><FIGCAPTION class=\"\" data-alpha=\"8\" style=\"color:#ffffff; background-color:#ffffff; font-size:140; text-align:left; font-family:Default;\" ><div class=\"grid-gallery-figcaption-wrap\" style=\" \"><\/div><\/FIGCAPTION><\/FIGURE> <FIGURE class=\"grid-gallery-caption \" data-grid-gallery-type=\"cover-fade\" data-index=\"1\" style=\"display:none;border-radius: 00; ; margin: 0px; width:20%;\" ><div class=\"crop \" style=\" \"><img src=\"http:\/\/rafaelcostard.com\/wp-content\/uploads\/2018\/11\/COSTAR-RAFAEL-10-2.jpg\" class=\"ggImg\" alt=\"COSTAR RAFAEL-10-2\" title=\"COSTAR RAFAEL-10-2\" data-description=\"COSTAR RAFAEL-10-2\" data-caption=\"COSTAR RAFAEL-10-2\" data-title=\"COSTAR RAFAEL-10-2\" style=\" \" \/><\/div><FIGCAPTION class=\"\" data-alpha=\"8\" style=\"color:#ffffff; background-color:#ffffff; font-size:140; text-align:left; font-family:Default;\" ><div class=\"grid-gallery-figcaption-wrap\" style=\" \"><\/div><\/FIGCAPTION><\/FIGURE> <FIGURE class=\"grid-gallery-caption \" data-grid-gallery-type=\"cover-fade\" data-index=\"2\" style=\"display:none;border-radius: 00; ; margin: 0px; width:20%;\" ><div class=\"crop \" style=\" \"><img src=\"http:\/\/rafaelcostard.com\/wp-content\/uploads\/2018\/08\/IMG_4845.jpg\" class=\"ggImg\" alt=\"IMG_4845\" title=\"IMG_4845\" data-description=\"IMG_4845\" data-caption=\"IMG_4845\" data-title=\"IMG_4845\" style=\" \" \/><\/div><FIGCAPTION class=\"\" data-alpha=\"8\" style=\"color:#ffffff; background-color:#ffffff; font-size:140; text-align:left; font-family:Default;\" ><div class=\"grid-gallery-figcaption-wrap\" style=\" \"><\/div><\/FIGCAPTION><\/FIGURE> <FIGURE class=\"grid-gallery-caption \" data-grid-gallery-type=\"cover-fade\" data-index=\"3\" style=\"display:none;border-radius: 00; ; margin: 0px; width:20%;\" ><div class=\"crop \" style=\" \"><img src=\"http:\/\/rafaelcostard.com\/wp-content\/uploads\/2018\/08\/IMG_4859.jpg\" class=\"ggImg\" alt=\"IMG_4859\" title=\"IMG_4859\" data-description=\"IMG_4859\" data-caption=\"IMG_4859\" data-title=\"IMG_4859\" style=\" \" \/><\/div><FIGCAPTION class=\"\" data-alpha=\"8\" style=\"color:#ffffff; background-color:#ffffff; font-size:140; text-align:left; font-family:Default;\" ><div class=\"grid-gallery-figcaption-wrap\" style=\" \"><\/div><\/FIGCAPTION><\/FIGURE> <FIGURE class=\"grid-gallery-caption \" data-grid-gallery-type=\"cover-fade\" data-index=\"4\" style=\"display:none;border-radius: 00; ; margin: 0px; width:20%;\" ><div class=\"crop \" style=\" \"><img src=\"http:\/\/rafaelcostard.com\/wp-content\/uploads\/2018\/10\/ANT_0457.jpg\" class=\"ggImg\" alt=\"ANT_0457\" title=\"ANT_0457\" data-description=\"ANT_0457\" data-caption=\"ANT_0457\" data-title=\"ANT_0457\" style=\" \" \/><\/div><FIGCAPTION class=\"\" data-alpha=\"8\" style=\"color:#ffffff; background-color:#ffffff; font-size:140; text-align:left; font-family:Default;\" ><div class=\"grid-gallery-figcaption-wrap\" style=\" \"><\/div><\/FIGCAPTION><\/FIGURE> <FIGURE class=\"grid-gallery-caption \" data-grid-gallery-type=\"cover-fade\" data-index=\"5\" style=\"display:none;border-radius: 00; ; margin: 0px; width:20%;\" ><div class=\"crop \" style=\" \"><img src=\"http:\/\/rafaelcostard.com\/wp-content\/uploads\/2018\/08\/IMG_4874.jpg\" class=\"ggImg\" alt=\"IMG_4874\" title=\"IMG_4874\" data-description=\"IMG_4874\" data-caption=\"IMG_4874\" data-title=\"IMG_4874\" style=\" \" \/><\/div><FIGCAPTION class=\"\" data-alpha=\"8\" style=\"color:#ffffff; background-color:#ffffff; font-size:140; text-align:left; font-family:Default;\" ><div class=\"grid-gallery-figcaption-wrap\" style=\" \"><\/div><\/FIGCAPTION><\/FIGURE> <FIGURE class=\"grid-gallery-caption \" data-grid-gallery-type=\"cover-fade\" data-index=\"6\" style=\"display:none;border-radius: 00; ; margin: 0px; width:20%;\" ><div class=\"crop \" style=\" \"><img src=\"http:\/\/rafaelcostard.com\/wp-content\/uploads\/2018\/08\/IMG_5184.jpg\" class=\"ggImg\" alt=\"IMG_5184\" title=\"IMG_5184\" data-description=\"IMG_5184\" data-caption=\"IMG_5184\" data-title=\"IMG_5184\" style=\" \" \/><\/div><FIGCAPTION class=\"\" data-alpha=\"8\" style=\"color:#ffffff; background-color:#ffffff; font-size:140; text-align:left; font-family:Default;\" ><div class=\"grid-gallery-figcaption-wrap\" style=\" \"><\/div><\/FIGCAPTION><\/FIGURE> <FIGURE class=\"grid-gallery-caption \" data-grid-gallery-type=\"cover-fade\" data-index=\"7\" style=\"display:none;border-radius: 00; ; margin: 0px; width:20%;\" ><div class=\"crop \" style=\" \"><img src=\"http:\/\/rafaelcostard.com\/wp-content\/uploads\/2018\/10\/FEM_1017.jpg\" class=\"ggImg\" alt=\"FEM_1017\" title=\"FEM_1017\" data-description=\"FEM_1017\" data-caption=\"FEM_1017\" data-title=\"FEM_1017\" style=\" \" \/><\/div><FIGCAPTION class=\"\" data-alpha=\"8\" style=\"color:#ffffff; background-color:#ffffff; font-size:140; text-align:left; font-family:Default;\" ><div class=\"grid-gallery-figcaption-wrap\" style=\" \"><\/div><\/FIGCAPTION><\/FIGURE> <FIGURE class=\"grid-gallery-caption \" data-grid-gallery-type=\"cover-fade\" data-index=\"8\" style=\"display:none;border-radius: 00; ; margin: 0px; width:20%;\" ><div class=\"crop \" style=\" \"><img src=\"http:\/\/rafaelcostard.com\/wp-content\/uploads\/2018\/10\/ANA5097.jpg\" class=\"ggImg\" alt=\"_ANA5097\" title=\"_ANA5097\" data-description=\"_ANA5097\" data-caption=\"_ANA5097\" data-title=\"_ANA5097\" style=\" \" \/><\/div><FIGCAPTION class=\"\" data-alpha=\"8\" style=\"color:#ffffff; background-color:#ffffff; font-size:140; text-align:left; font-family:Default;\" ><div class=\"grid-gallery-figcaption-wrap\" style=\" \"><\/div><\/FIGCAPTION><\/FIGURE> <FIGURE class=\"grid-gallery-caption \" data-grid-gallery-type=\"cover-fade\" data-index=\"9\" style=\"display:none;border-radius: 00; ; margin: 0px; width:20%;\" ><div class=\"crop \" style=\" \"><img src=\"http:\/\/rafaelcostard.com\/wp-content\/uploads\/2018\/11\/DJU9314.jpg\" class=\"ggImg\" alt=\"_DJU9314\" title=\"_DJU9314\" data-description=\"_DJU9314\" data-caption=\"_DJU9314\" data-title=\"_DJU9314\" style=\" \" \/><\/div><FIGCAPTION class=\"\" data-alpha=\"8\" style=\"color:#ffffff; background-color:#ffffff; font-size:140; text-align:left; font-family:Default;\" ><div class=\"grid-gallery-figcaption-wrap\" style=\" \"><\/div><\/FIGCAPTION><\/FIGURE> <div class=\"grid-gallery-clearfix\"><\/div> <\/div> <div class=\"gallery-sharing-bottom\" style=\"display:none;\"> <\/div> <div class=\"gallery-sharing-image\" style=\"display:none;\"> <\/div> <div class=\"gallery-sharing-popup\" style=\"display:none;\"> <\/div> <div class=\"grid-gallery-clearfix\"><\/div> <\/div> <!-- Gallery by Supsystic plugin 1.15.32 --><a title=\"WordPress Image Gallery Plugin\" style=\"display:none;\" href=\"https:\/\/supsystic.com\/plugins\/photo-gallery\/?utm_medium=love_link\" target=\"_blank\">WordPress Image Gallery Plugin<\/a>\n<div class=\"csRow\">\n<div class=\"csColumnGap\" style=\"margin: 0px; padding: 0px; float: left; width: 4.58%;\"><img decoding=\"async\" style=\"border: none;\" src=\"http:\/\/mathiaspaltrie.com\/wp-content\/plugins\/advanced-wp-columns\/assets\/js\/plugins\/views\/img\/1x1-pixel.png\" \/><\/div>\n<div class=\"csColumn\" style=\"margin: 0px; padding: 0px; float: left; width: 28.2%;\" data-csstartpoint=\"44\" data-csendpoint=\"315\" data-cswidth=\"28.2%\" data-csid=\"acd3cc67-422e-9139-a34a-360540915669\">\n<h4 class=\"tw-data-text tw-ta tw-text-small\" dir=\"ltr\" data-placeholder=\"Traduction\"><\/h4>\n<h4 id=\"tw-target-text\" class=\"tw-data-text tw-ta tw-text-small\" dir=\"ltr\" data-placeholder=\"Traduction\"><strong>PUBLICATIONS<\/strong><\/h4>\n<h4 class=\"tw-data-text tw-ta tw-text-small\" dir=\"ltr\" data-placeholder=\"Traduction\"><strong>Presse<\/strong><\/h4>\n<div><\/div>\n<div><\/div>\n<h4><\/h4>\n<h4><strong>Web<\/strong><\/h4>\n<div><\/div>\n<\/div>\n<div class=\"csColumnGap\" style=\"margin: 0px; padding: 0px; float: left; width: 4.69%;\"><img decoding=\"async\" style=\"border: none;\" src=\"http:\/\/mathiaspaltrie.com\/wp-content\/plugins\/advanced-wp-columns\/assets\/js\/plugins\/views\/img\/1x1-pixel.png\" \/><\/div>\n<div class=\"csColumn\" style=\"margin: 0px; padding: 0px; float: left; width: 28.1%;\" data-csstartpoint=\"360\" data-csendpoint=\"630\" data-cswidth=\"28.1%\" data-csid=\"fae46f8f-b16e-2721-99dc-0a4f59abd9f0\">\n<h3><\/h3>\n<h3><strong>REFERENCES<\/strong><\/h3>\n<h4><strong>Architectes<\/strong><\/h4>\n<div><\/div>\n<div class=\"xl-headline\"><\/div>\n<h4 class=\"xl-headline\"><\/h4>\n<h4 class=\"xl-headline\"><strong>Immobilier\/Hotel<\/strong><\/h4>\n<div class=\"xl-headline\">\n<div><\/div>\n<\/div>\n<div><\/div>\n<\/div>\n<div class=\"csColumnGap\" style=\"margin: 0px; padding: 0px; float: left; width: 6.98%;\"><img decoding=\"async\" style=\"border: none;\" src=\"http:\/\/mathiaspaltrie.com\/wp-content\/plugins\/advanced-wp-columns\/assets\/js\/plugins\/views\/img\/1x1-pixel.png\" \/><\/div>\n<div class=\"csColumn\" style=\"margin: 0px; padding: 0px; float: left; width: 25.8%;\" data-csstartpoint=\"697\" data-csendpoint=\"945\" data-cswidth=\"25.8%\" data-csid=\"9368f858-fe3f-d425-a466-1b5d516d5c8d\">\n<h4><\/h4>\n<h4><strong>Institution<\/strong><\/h4>\n<div><\/div>\n<h4><\/h4>\n<h4><strong>Advertisement<\/strong><\/h4>\n<div><\/div>\n<div><\/div>\n<\/div>\n<div class=\"csColumnGap\" style=\"margin: 0px; padding: 0px; float: left; width: 1.56%;\"><img decoding=\"async\" style=\"border: none;\" src=\"http:\/\/mathiaspaltrie.com\/wp-content\/plugins\/advanced-wp-columns\/assets\/js\/plugins\/views\/img\/1x1-pixel.png\" \/><\/div>\n<div style=\"clear: both; float: none; display: block; visibility: hidden; width: 0px; font-size: 0px; line-height: 0;\"><\/div>\n<\/div>\n<p><br class=\"nc\" \/><br class=\"nc\" \/><br class=\"nc\" \/><br class=\"nc\" \/><br class=\"nc\" \/><br class=\"nc\" \/><br class=\"nc\" \/><br class=\"nc\" \/><br class=\"nc\" \/><br class=\"nc\" \/><br class=\"nc\" \/><br class=\"nc\" \/><br class=\"nc\" \/><br class=\"nc\" \/><\/p>\n","protected":false},"excerpt":{"rendered":"<p>Rafa\u00ebl Costard photographe professionnel depuis 2013. Apr\u00e8s avoir effectuer des \u00e9tudes de commerce \u00e0 Versailles, il apprend la photographie au Lyc\u00e9e BRASSA\u00cf de Paris. Fraichement dipl\u00f4m\u00e9 en 2010, Rafa\u00ebl entame bri\u00e8vement une exp\u00e9rience dans le commerce avant de consacr\u00e9 tout son temps et son \u00e9nergie \u00e0 l&rsquo;image. Au sein d&rsquo;une soci\u00e9t\u00e9 de photographie Parisienne, il<\/p>\n<p class=\"more-link-wrapper\"><a href=\"https:\/\/rafaelcostard.com\/?page_id=100\" class=\"more-link\">Continue Reading<span class=\"screen-reader-text\"> \u00ab\u00a0A propos de\u00a0\u00bb<\/span><\/a><\/p>\n","protected":false},"author":1,"featured_media":0,"parent":0,"menu_order":0,"comment_status":"closed","ping_status":"closed","template":"template-full.php","meta":{"sfsi_plus_gutenberg_text_before_share":"","sfsi_plus_gutenberg_show_text_before_share":"","sfsi_plus_gutenberg_icon_type":"","sfsi_plus_gutenberg_icon_alignemt":"","sfsi_plus_gutenburg_max_per_row":"","footnotes":""},"_links":{"self":[{"href":"https:\/\/rafaelcostard.com\/index.php?rest_route=\/wp\/v2\/pages\/100"}],"collection":[{"href":"https:\/\/rafaelcostard.com\/index.php?rest_route=\/wp\/v2\/pages"}],"about":[{"href":"https:\/\/rafaelcostard.com\/index.php?rest_route=\/wp\/v2\/types\/page"}],"author":[{"embeddable":true,"href":"https:\/\/rafaelcostard.com\/index.php?rest_route=\/wp\/v2\/users\/1"}],"replies":[{"embeddable":true,"href":"https:\/\/rafaelcostard.com\/index.php?rest_route=%2Fwp%2Fv2%2Fcomments&post=100"}],"version-history":[{"count":22,"href":"https:\/\/rafaelcostard.com\/index.php?rest_route=\/wp\/v2\/pages\/100\/revisions"}],"predecessor-version":[{"id":1004,"href":"https:\/\/rafaelcostard.com\/index.php?rest_route=\/wp\/v2\/pages\/100\/revisions\/1004"}],"wp:attachment":[{"href":"https:\/\/rafaelcostard.com\/index.php?rest_route=%2Fwp%2Fv2%2Fmedia&parent=100"}],"curies":[{"name":"wp","href":"https:\/\/api.w.org\/{rel}","templated":true}]}}